{"id":9,"date":"2014-03-14T19:29:32","date_gmt":"2014-03-14T17:29:32","guid":{"rendered":"http:\/\/www.gedenkstaetten-suedlicher-oberrhein.de\/fr\/?page_id=9"},"modified":"2021-05-19T15:39:19","modified_gmt":"2021-05-19T13:39:19","slug":"breisach-am-rhein","status":"publish","type":"page","link":"http:\/\/www.gedenkstaetten-suedlicher-oberrhein.de\/fr\/lieux-commemoratifs\/breisach-am-rhein\/","title":{"rendered":"Breisach am Rhein"},"content":{"rendered":"<p><div id=\"metaslider-id-134\" style=\"max-width: 760px;\" class=\"ml-slider-3-20-3 metaslider metaslider-responsive metaslider-134 ml-slider\">\n    <div id=\"metaslider_container_134\">\n        <ul id='metaslider_134' class='rslides'>\n            <li><img src=\"https:\/\/www.gedenkstaetten-suedlicher-oberrhein.de\/fr\/wp-content\/uploads\/sites\/3\/2015\/09\/Blaues_Haus_Ari_Nahor-760x464.jpg\" height=\"464\" width=\"760\" alt=\"\" class=\"slider-134 slide-152\" \/><div class=\"caption-wrap\"><div class=\"caption\">La Maison bleue aujourd\u2019hui<\/div><\/div><\/li>\n        <\/ul>\n        \n    <\/div>\n<\/div><br \/>\n<div class=\"white-box\">\n<div class=\"kontakt\"><span style=\"font-weight: 600;\">Site officiel: <\/span><a href=\"http:\/\/www.juedisches-leben-in-breisach.de\/\" target=\"_blank\" rel=\"noopener noreferrer\"> &gt;&gt; J\u00fcdisches Leben in Breisach<\/a><br \/>\n<span style=\"font-weight: 600;\">Adresse: <\/span>Rheintorstra\u00dfe 3 (ancienne Judengasse), 79206 Breisach, info(at)juedisches-leben-in-breisach.de<br \/>\n<span style=\"font-weight: 600;\">Information et r\u00e9servations: <\/span>Dr. Christiane Walesch-Schneller, Tel. 07667 80834 et 911374<br \/>\nou archiviste municipale Uwe Fahrer, Tel. 07667 83265<br \/>\n<span style=\"font-weight: 600;\">Horaires d\u2019ouverture de la biblioth\u00e8que: <\/span>Tous les mercredis 14\u201317h et sur rendez-vous<br \/>\n<span style=\"font-weight: 600;\">Direction du lieu de m\u00e9moire: <\/span>Association \u00abEhemaliges J\u00fcdisches Gemeindehaus Breisach e.V.\u00bb<\/div>\n<\/div><\/p>\n<h4>La Maison bleue<\/h4>\n<p>Le b\u00e2timent de l\u2019ancienne \u00e9cole juive, vieux de plus de 300 ans, a \u00e9t\u00e9 rachet\u00e9 en 2000 par l\u2019association \u00ab Ehemaliges J\u00fcdisches Gemeindehaus Breisach e.V. \u00bb (\u00ab Ancienne maison paroissiale juive de Breisach \u00bb). La troisi\u00e8me communaut\u00e9 juive (1640\u20131940) avait achet\u00e9 cette auberge en 1829 et l\u2019avait transform\u00e9e en \u00e9cole ; elle accueillit des \u00e9l\u00e8ves jusqu\u2019en 1876. Apr\u00e8s la destruction de la synagogue en novembre 1938, la communaut\u00e9 pers\u00e9cut\u00e9e y installe une salle de pri\u00e8re. Les noms de ses membres en 1933 sont mentionn\u00e9s depuis la fin des travaux de restauration en 2003 dans le \u00ab couloir du souvenir \u00bb. Avec l\u2019aide de familles juives \u00e0 travers le monde, un travail de recherche sur leurs destins est men\u00e9, permettant ainsi un \u00ab retour de l\u2019exil \u00bb. La Maison bleue, dont la biblioth\u00e8que comprend plus de 3000 volumes, est un lieu de culture et de m\u00e9moire sur l\u2019histoire des juifs du Rhin sup\u00e9rieur. L\u2019association \u00ab Les Amis du Juden\u00acgar\u00acten de Macken\u00acheim \u00bb et l\u2019association responsable de la Maison bleue entretiennent ensemble le plus ancien cimeti\u00e8re de la communaut\u00e9 juive de Breisach, dans la for\u00eat de Mackenheim, en Alsace.<a name=\"angebot-br\"><\/a><\/p>\n<h4>Programme p\u00e9dagogique<\/h4>\n<p>Possibilit\u00e9 de r\u00e9server des visites guid\u00e9es.<br \/>\n<div class=\"white-box\">\nLieux \u00e0 visiter dans les environs<\/p>\n<ul style=\"font-size: 0.9rem; margin-left: 15px; line-height: 1.55; list-style-type: square;\">\n<li>Cimeti\u00e8re juif de Mackenheim (Alsace)<\/li>\n<li>Ancien quartier juif<\/li>\n<li>La Synagogenplatz, autrefois et aujourd\u2019hui<\/li>\n<\/ul>\n<\/div><a name=\"publikationen-br\"><\/a><\/p>\n<h4>Publications<\/h4>\n<p><strong>Hans David Blum:<\/strong> Juden in Breisach. (Hrsg.) Erhard Roy Wiehn. Konstanz 1998<br \/>\n<strong>G\u00fcnter Boll, Josef Arie Kornweitz:<\/strong> Das j\u00fcdische Gemeindehaus in Breisach am Rhein. Eine Ann\u00e4herung. (Hrsg.): F\u00f6rderverein Ehemaliges J\u00fcdisches Gemeindehaus, Breisach 2000<br \/>\n<strong>Josef Arie Kornweitz, Christiane Walesch-Schneller, G\u00fcnter Boll:<\/strong> Zone 30, R\u00fcckkehr aus dem Exil, (Hrsg.): F\u00f6rderverein Ehemaliges J\u00fcdisches Gemeindehaus, Freiburg 2003<br \/>\n<strong>N\u00e4her als es scheint.<\/strong> T\u00e4nze f\u00fcr das Blaue Haus. Fotografien von Ari Nahor. (Hrsg.): F\u00f6rderverein Ehemaliges J\u00fcdisches Gemeindehaus, Freiburg 2006<br \/>\n<strong>Blaue Hefte 1, Die Synagoge brennt.<\/strong> (Hrsg.): F\u00f6rderverein Ehemaliges J\u00fcdisches Gemeindehaus, Freiburg 2010<\/p>\n","protected":false},"excerpt":{"rendered":"<p>La Maison bleue Le b\u00e2timent de l\u2019ancienne \u00e9cole juive, vieux de plus de 300 ans, a \u00e9t\u00e9 rachet\u00e9 en 2000 par l\u2019association \u00ab Ehemaliges J\u00fcdisches Gemeindehaus Breisach e.V. \u00bb (\u00ab (&hellip;) <a href=\"http:\/\/www.gedenkstaetten-suedlicher-oberrhein.de\/fr\/lieux-commemoratifs\/breisach-am-rhein\/\">Weiterlesen<\/a><\/p>\n","protected":false},"author":1,"featured_media":0,"parent":3,"menu_order":9,"comment_status":"closed","ping_status":"closed","template":"","meta":{"ngg_post_thumbnail":0},"_links":{"self":[{"href":"http:\/\/www.gedenkstaetten-suedlicher-oberrhein.de\/fr\/wp-json\/wp\/v2\/pages\/9"}],"collection":[{"href":"http:\/\/www.gedenkstaetten-suedlicher-oberrhein.de\/fr\/wp-json\/wp\/v2\/pages"}],"about":[{"href":"http:\/\/www.gedenkstaetten-suedlicher-oberrhein.de\/fr\/wp-json\/wp\/v2\/types\/page"}],"author":[{"embeddable":true,"href":"http:\/\/www.gedenkstaetten-suedlicher-oberrhein.de\/fr\/wp-json\/wp\/v2\/users\/1"}],"replies":[{"embeddable":true,"href":"http:\/\/www.gedenkstaetten-suedlicher-oberrhein.de\/fr\/wp-json\/wp\/v2\/comments?post=9"}],"version-history":[{"count":13,"href":"http:\/\/www.gedenkstaetten-suedlicher-oberrhein.de\/fr\/wp-json\/wp\/v2\/pages\/9\/revisions"}],"predecessor-version":[{"id":215,"href":"http:\/\/www.gedenkstaetten-suedlicher-oberrhein.de\/fr\/wp-json\/wp\/v2\/pages\/9\/revisions\/215"}],"up":[{"embeddable":true,"href":"http:\/\/www.gedenkstaetten-suedlicher-oberrhein.de\/fr\/wp-json\/wp\/v2\/pages\/3"}],"wp:attachment":[{"href":"http:\/\/www.gedenkstaetten-suedlicher-oberrhein.de\/fr\/wp-json\/wp\/v2\/media?parent=9"}],"curies":[{"name":"wp","href":"https:\/\/api.w.org\/{rel}","templated":true}]}}