{"id":7,"date":"2014-03-14T19:16:44","date_gmt":"2014-03-14T17:16:44","guid":{"rendered":"http:\/\/www.gedenkstaetten-suedlicher-oberrhein.de\/fr\/?page_id=7"},"modified":"2015-12-26T17:59:58","modified_gmt":"2015-12-26T15:59:58","slug":"evenements-a-venir","status":"publish","type":"page","link":"http:\/\/www.gedenkstaetten-suedlicher-oberrhein.de\/fr\/evenements-a-venir\/","title":{"rendered":"\u00c9v\u00e9nements \u00e0 venir"},"content":{"rendered":"<p>Les actualit\u00e9s et les \u00e9v\u00e9nements ne sont publi\u00e9s qu&#8217;en allemand. <a href=\"http:\/\/www.gedenkstaetten-suedlicher-oberrhein.de\/kommende-veranstaltungen\/\">Cliquez ici pour les \u00e9v\u00e9nements en allemand.<\/a><\/p>\n\n","protected":false},"excerpt":{"rendered":"<p>Les actualit\u00e9s et les \u00e9v\u00e9nements ne sont publi\u00e9s qu&#8217;en allemand. Cliquez ici pour les \u00e9v\u00e9nements en allemand.<\/p>\n","protected":false},"author":1,"featured_media":0,"parent":0,"menu_order":15,"comment_status":"closed","ping_status":"closed","template":"","meta":{"ngg_post_thumbnail":0},"_links":{"self":[{"href":"http:\/\/www.gedenkstaetten-suedlicher-oberrhein.de\/fr\/wp-json\/wp\/v2\/pages\/7"}],"collection":[{"href":"http:\/\/www.gedenkstaetten-suedlicher-oberrhein.de\/fr\/wp-json\/wp\/v2\/pages"}],"about":[{"href":"http:\/\/www.gedenkstaetten-suedlicher-oberrhein.de\/fr\/wp-json\/wp\/v2\/types\/page"}],"author":[{"embeddable":true,"href":"http:\/\/www.gedenkstaetten-suedlicher-oberrhein.de\/fr\/wp-json\/wp\/v2\/users\/1"}],"replies":[{"embeddable":true,"href":"http:\/\/www.gedenkstaetten-suedlicher-oberrhein.de\/fr\/wp-json\/wp\/v2\/comments?post=7"}],"version-history":[{"count":4,"href":"http:\/\/www.gedenkstaetten-suedlicher-oberrhein.de\/fr\/wp-json\/wp\/v2\/pages\/7\/revisions"}],"predecessor-version":[{"id":160,"href":"http:\/\/www.gedenkstaetten-suedlicher-oberrhein.de\/fr\/wp-json\/wp\/v2\/pages\/7\/revisions\/160"}],"wp:attachment":[{"href":"http:\/\/www.gedenkstaetten-suedlicher-oberrhein.de\/fr\/wp-json\/wp\/v2\/media?parent=7"}],"curies":[{"name":"wp","href":"https:\/\/api.w.org\/{rel}","templated":true}]}}