{"id":3,"date":"2014-03-14T19:19:40","date_gmt":"2014-03-14T17:19:40","guid":{"rendered":"http:\/\/www.gedenkstaetten-suedlicher-oberrhein.de\/fr\/?page_id=3"},"modified":"2023-01-21T15:18:42","modified_gmt":"2023-01-21T13:18:42","slug":"lieux-commemoratifs","status":"publish","type":"page","link":"http:\/\/www.gedenkstaetten-suedlicher-oberrhein.de\/fr\/lieux-commemoratifs\/","title":{"rendered":"Lieux comm\u00e9moratifs"},"content":{"rendered":"<div class=\"section group\">\n<div class=\"col span_1_of_2\" style=\"background-color: #f7f7f7; border: 1px solid #DCDCDC;\"><div id='About_Breisach' class='widgets_on_page wop_tiny1  wop_small1  wop_medium1  wop_large1  wop_wide1'>\n\t\t\t<ul><li id=\"gs_about-5\" class=\"widget widget_gs_about\">\t\t\t\t    <a href=\"http:\/\/www.gedenkstaetten-suedlicher-oberrhein.de\/fr\/lieux-commemoratifs\/breisach-am-rhein\/\">\r\n\t\t    <h3 class=\"widget-title\">Breisach<\/h3>\r\n\t\t\t<\/a>\r\n            <a href=\"http:\/\/www.gedenkstaetten-suedlicher-oberrhein.de\/fr\/lieux-commemoratifs\/breisach-am-rhein\/\">\r\n\t\t\t<img src=\"http:\/\/www.gedenkstaetten-suedlicher-oberrhein.de\/wp-content\/uploads\/2014\/02\/about_breisach.jpg\" width=\"330\" height=\"209\" class=\"about-image\">\r\n\t\t\t<\/a>\r\n\t\t\t<div class=\"about-text-wrap\">\r\n\t\t\t<p class=\"about-text\">La Maison bleue, l\u2019ancienne \u00e9cole juive, a plus de 300 ans. Elle est aujourd\u2019hui un lieu de culture et de m\u00e9moire sur l\u2019histoire des juifs du Rhin sup\u00e9rieur. L\u2019association  \u00abLes Amis du Judengarten de Mackenheim\u00bb et l\u2019association g\u00e9rant la Maison bleue entretiennent ensemble le plus ancien cimeti\u00e8re juif de la communaut\u00e9 de Breisach, dans la for\u00eat de Mackenheim (Alsace).<\/p>\r\n\t\t\t<\/div><!-- end .about-text-wrap -->\r\n\t   <\/li><\/ul><\/div><!-- widgets_on_page --><br \/>\n<a class=\"standard-btn grey-btn xsmall-btn\" href=\"http:\/\/www.gedenkstaetten-suedlicher-oberrhein.de\/fr\/lieux-commemoratifs\/breisach-am-rhein\/\"><span>En savoir plus<\/span><\/a><\/div>\n<div class=\"col span_1_of_2\" style=\"background-color: #f7f7f7; border: 1px solid #DCDCDC;\"><div id='About_Emmendingen' class='widgets_on_page wop_tiny1  wop_small1  wop_medium1  wop_large1  wop_wide1'>\n\t\t\t<ul><li id=\"gs_about-3\" class=\"widget widget_gs_about\">\t\t\t\t    <a href=\"http:\/\/www.gedenkstaetten-suedlicher-oberrhein.de\/fr\/lieux-commemoratifs\/emmendingen\/\">\r\n\t\t    <h3 class=\"widget-title\">Emmendingen<\/h3>\r\n\t\t\t<\/a>\r\n            <a href=\"http:\/\/www.gedenkstaetten-suedlicher-oberrhein.de\/fr\/lieux-commemoratifs\/emmendingen\/\">\r\n\t\t\t<img src=\"http:\/\/www.gedenkstaetten-suedlicher-oberrhein.de\/wp-content\/uploads\/2014\/02\/about_emmendingen.jpg\" width=\"330\" height=\"209\" class=\"about-image\">\r\n\t\t\t<\/a>\r\n\t\t\t<div class=\"about-text-wrap\">\r\n\t\t\t<p class=\"about-text\">Le mus\u00e9e juif d\u2019Emmendingen est un lieu de m\u00e9moire, de connaissance et de rencontre avec la vie juive d\u2019aujourd\u2019hui. Au sous-sol se trouve un mikv\u00e9 (bain rituel) class\u00e9 monument historique, qui fut construit vers 1840. Inaugur\u00e9 en 1997, le mus\u00e9e juif a \u00e9t\u00e9 fond\u00e9 en partenariat avec la communaut\u00e9 juive d\u2019Emmendingen.<br \/><br \/><\/p>\r\n\t\t\t<\/div><!-- end .about-text-wrap -->\r\n\t   <\/li><\/ul><\/div><!-- widgets_on_page --><br \/>\n<a class=\"standard-btn grey-btn xsmall-btn\" href=\"http:\/\/www.gedenkstaetten-suedlicher-oberrhein.de\/fr\/lieux-commemoratifs\/emmendingen\/\"><span>En savoir plus<\/span><\/a><\/div>\n<\/div>\n<div class=\"section group\">\n<div class=\"col span_1_of_2\" style=\"background-color: #f7f7f7; border: 1px solid #DCDCDC;\"><div id='About_Haslach' class='widgets_on_page wop_tiny1  wop_small1  wop_medium1  wop_large1  wop_wide1'>\n\t\t\t<ul><li id=\"gs_about-4\" class=\"widget widget_gs_about\">\t\t\t\t    <a href=\"http:\/\/www.gedenkstaetten-suedlicher-oberrhein.de\/fr\/lieux-commemoratifs\/haslach\/\">\r\n\t\t    <h3 class=\"widget-title\">Haslach<\/h3>\r\n\t\t\t<\/a>\r\n            <a href=\"http:\/\/www.gedenkstaetten-suedlicher-oberrhein.de\/fr\/lieux-commemoratifs\/haslach\/\">\r\n\t\t\t<img src=\"http:\/\/www.gedenkstaetten-suedlicher-oberrhein.de\/wp-content\/uploads\/2014\/02\/about_haslach.jpg\" width=\"330\" height=\"209\" class=\"about-image\">\r\n\t\t\t<\/a>\r\n\t\t\t<div class=\"about-text-wrap\">\r\n\t\t\t<p class=\"about-text\">Situ\u00e9 dans la for\u00eat d\u2019Urenwald, le lieu de m\u00e9moire du \u00ab Vulkan \u00bb a \u00e9t\u00e9 inaugur\u00e9 le 25 juillet 1998. Entre septembre 1944 et avril 1945, on trouvait trois camps nazis sur le territoire de la ville. Le lieu de m\u00e9moire du Vul\u00ackan rappelle le triste sort des 1700 d\u00e9port\u00e9s de 19 pays contraints aux travaux forc\u00e9s. Plusieurs centaines d\u2019entre eux n\u2019y ont pas surv\u00e9cu.<br \/><br \/><\/p>\r\n\t\t\t<\/div><!-- end .about-text-wrap -->\r\n\t   <\/li><\/ul><\/div><!-- widgets_on_page --><br \/>\n<a class=\"standard-btn grey-btn xsmall-btn\" href=\"http:\/\/www.gedenkstaetten-suedlicher-oberrhein.de\/fr\/lieux-commemoratifs\/haslach\/\"><span>En savoir plus<\/span><\/a><\/div>\n<div class=\"col span_1_of_2\" style=\"background-color: #f7f7f7; border: 1px solid #DCDCDC;\"><div id='About_Kippenheim' class='widgets_on_page wop_tiny1  wop_small1  wop_medium1  wop_large1  wop_wide1'>\n\t\t\t<ul><li id=\"gs_about-7\" class=\"widget widget_gs_about\">\t\t\t\t    <a href=\"http:\/\/www.gedenkstaetten-suedlicher-oberrhein.de\/fr\/lieux-commemoratifs\/kippenheim\/\">\r\n\t\t    <h3 class=\"widget-title\">Kippenheim<\/h3>\r\n\t\t\t<\/a>\r\n            <a href=\"http:\/\/www.gedenkstaetten-suedlicher-oberrhein.de\/fr\/lieux-commemoratifs\/kippenheim\/\">\r\n\t\t\t<img src=\"http:\/\/www.gedenkstaetten-suedlicher-oberrhein.de\/wp-content\/uploads\/2014\/02\/about_kippenheim.jpg\" width=\"330\" height=\"209\" class=\"about-image\">\r\n\t\t\t<\/a>\r\n\t\t\t<div class=\"about-text-wrap\">\r\n\t\t\t<p class=\"about-text\">La synagogue de Kippenheim fut inaugur\u00e9e en 1852. L\u2019int\u00e9rieur fut d\u00e9truit le 10 novembre 1938. Aujourd\u2019hui, l\u2019ancienne synagogue est un lieu de m\u00e9moire, de culture et de rencontre. L\u2019association g\u00e9rant l\u2019ancienne synagogue organise r\u00e9guli\u00e8rement conf\u00e9rences, concerts et expositions. L\u2019exposition permanente, ouverte en 2010, revient sur l\u2019histoire de la communaut\u00e9 juive rurale dans l\u2019Ortenau.<\/p>\r\n\t\t\t<\/div><!-- end .about-text-wrap -->\r\n\t   <\/li><\/ul><\/div><!-- widgets_on_page --><br \/>\n<a class=\"standard-btn grey-btn xsmall-btn\" href=\"http:\/\/www.gedenkstaetten-suedlicher-oberrhein.de\/fr\/lieux-commemoratifs\/kippenheim\/\"><span>En savoir plus<\/span><\/a><\/div>\n<\/div>\n<div class=\"section group\">\n<div class=\"col span_1_of_2\" style=\"background-color: #f7f7f7; border: 1px solid #DCDCDC;\"><div id='About_Offenburg' class='widgets_on_page wop_tiny1  wop_small1  wop_medium1  wop_large1  wop_wide1'>\n\t\t\t<ul><li id=\"gs_about-2\" class=\"widget widget_gs_about\">\t\t\t\t    <a href=\"http:\/\/www.gedenkstaetten-suedlicher-oberrhein.de\/fr\/lieux-commemoratifs\/offenburg\/\">\r\n\t\t    <h3 class=\"widget-title\">Offenbourg<\/h3>\r\n\t\t\t<\/a>\r\n            <a href=\"http:\/\/www.gedenkstaetten-suedlicher-oberrhein.de\/fr\/lieux-commemoratifs\/offenburg\/\">\r\n\t\t\t<img src=\"http:\/\/www.gedenkstaetten-suedlicher-oberrhein.de\/wp-content\/uploads\/2014\/02\/about_offenburg.jpg\" width=\"330\" height=\"209\" class=\"about-image\">\r\n\t\t\t<\/a>\r\n\t\t\t<div class=\"about-text-wrap\">\r\n\t\t\t<p class=\"about-text\">Le \u00ab Salmen \u00bb rappelle deux p\u00e9riodes tr\u00e8s diff\u00e9rentes de l\u2019histoire allemande. D\u2019un c\u00f4t\u00e9 les premiers pas vers un Etat de droit, de l\u2019autre l\u2019av\u00e8nement d\u2019une dictature meurtri\u00e8re dont les crimes ont trouv\u00e9 leur apog\u00e9e dans l\u2019extermination des juifs d\u2019Allemagne et d\u2019Europe. Le lieu de m\u00e9moire du Salmen occupe une place importante dans l\u2019Histoire de l\u2019Allemagne.<br \/><br \/><br \/><\/p>\r\n\t\t\t<\/div><!-- end .about-text-wrap -->\r\n\t   <\/li><\/ul><\/div><!-- widgets_on_page --><br \/>\n<a class=\"standard-btn grey-btn xsmall-btn\" href=\"http:\/\/www.gedenkstaetten-suedlicher-oberrhein.de\/fr\/lieux-commemoratifs\/offenburg\/\"><span>En savoir plus<\/span><\/a><\/div>\n<div class=\"col span_1_of_2\" style=\"background-color: #f7f7f7; border: 1px solid #DCDCDC;\"><div id='About_Sulzburg' class='widgets_on_page wop_tiny1  wop_small1  wop_medium1  wop_large1  wop_wide1'>\n\t\t\t<ul><li id=\"gs_about-6\" class=\"widget widget_gs_about\">\t\t\t\t    <a href=\"http:\/\/www.gedenkstaetten-suedlicher-oberrhein.de\/fr\/lieux-commemoratifs\/sulzburg\/\">\r\n\t\t    <h3 class=\"widget-title\">Sulzburg<\/h3>\r\n\t\t\t<\/a>\r\n            <a href=\"http:\/\/www.gedenkstaetten-suedlicher-oberrhein.de\/fr\/lieux-commemoratifs\/sulzburg\/\">\r\n\t\t\t<img src=\"http:\/\/www.gedenkstaetten-suedlicher-oberrhein.de\/wp-content\/uploads\/2014\/02\/about_sulzburg.jpg\" width=\"330\" height=\"209\" class=\"about-image\">\r\n\t\t\t<\/a>\r\n\t\t\t<div class=\"about-text-wrap\">\r\n\t\t\t<p class=\"about-text\">Apr\u00e8s celles de Karlsruhe et Randegg, la synagogue de Sulzburg fut la troisi\u00e8me \u00e0 \u00eatre construite par la communaut\u00e9 juive dans l\u2019ancien grand-duch\u00e9 de Bade. Construite en 1822, elle est aujourd\u2019hui la seule synagogue de l\u2019\u00e9cole d\u2019architecture de Friedrich Weinbrenner, dans le style baroque tardif \u2013 classique du Bade-Wurtemberg \u00e0 na pas avoir \u00e9t\u00e9 d\u00e9truite. Il s\u2019agit d\u2019un monument culturel d\u2019importance exceptionnelle.<\/p>\r\n\t\t\t<\/div><!-- end .about-text-wrap -->\r\n\t   <\/li><\/ul><\/div><!-- widgets_on_page --><br \/>\n<a class=\"standard-btn grey-btn xsmall-btn\" href=\"http:\/\/www.gedenkstaetten-suedlicher-oberrhein.de\/fr\/lieux-commemoratifs\/sulzburg\/\"><span>En savoir plus<\/span><\/a><\/div>\n<\/div>\n","protected":false},"excerpt":{"rendered":"","protected":false},"author":1,"featured_media":0,"parent":0,"menu_order":1,"comment_status":"closed","ping_status":"closed","template":"","meta":{"ngg_post_thumbnail":0},"_links":{"self":[{"href":"http:\/\/www.gedenkstaetten-suedlicher-oberrhein.de\/fr\/wp-json\/wp\/v2\/pages\/3"}],"collection":[{"href":"http:\/\/www.gedenkstaetten-suedlicher-oberrhein.de\/fr\/wp-json\/wp\/v2\/pages"}],"about":[{"href":"http:\/\/www.gedenkstaetten-suedlicher-oberrhein.de\/fr\/wp-json\/wp\/v2\/types\/page"}],"author":[{"embeddable":true,"href":"http:\/\/www.gedenkstaetten-suedlicher-oberrhein.de\/fr\/wp-json\/wp\/v2\/users\/1"}],"replies":[{"embeddable":true,"href":"http:\/\/www.gedenkstaetten-suedlicher-oberrhein.de\/fr\/wp-json\/wp\/v2\/comments?post=3"}],"version-history":[{"count":10,"href":"http:\/\/www.gedenkstaetten-suedlicher-oberrhein.de\/fr\/wp-json\/wp\/v2\/pages\/3\/revisions"}],"predecessor-version":[{"id":194,"href":"http:\/\/www.gedenkstaetten-suedlicher-oberrhein.de\/fr\/wp-json\/wp\/v2\/pages\/3\/revisions\/194"}],"wp:attachment":[{"href":"http:\/\/www.gedenkstaetten-suedlicher-oberrhein.de\/fr\/wp-json\/wp\/v2\/media?parent=3"}],"curies":[{"name":"wp","href":"https:\/\/api.w.org\/{rel}","templated":true}]}}