{"id":244,"date":"2025-08-06T17:37:46","date_gmt":"2025-08-06T15:37:46","guid":{"rendered":"http:\/\/www.gedenkstaetten-suedlicher-oberrhein.de\/fr\/?page_id=244"},"modified":"2025-08-06T18:24:11","modified_gmt":"2025-08-06T16:24:11","slug":"fribourg","status":"publish","type":"page","link":"http:\/\/www.gedenkstaetten-suedlicher-oberrhein.de\/fr\/lieux-commemoratifs\/fribourg\/","title":{"rendered":"Fribourg"},"content":{"rendered":"<div id=\"metaslider-id-253\" style=\"max-width: 760px;\" class=\"ml-slider-3-20-3 metaslider metaslider-responsive metaslider-253 ml-slider\">\n    <div id=\"metaslider_container_253\">\n        <ul id='metaslider_253' class='rslides'>\n            <li><img src=\"https:\/\/www.gedenkstaetten-suedlicher-oberrhein.de\/fr\/wp-content\/uploads\/sites\/3\/2025\/08\/\u00a9Achim-Kaeflein-7040-scaled-760x464-1.jpg\" height=\"464\" width=\"760\" alt=\"Le centre de documentation | Photo: Achim Kaeflein\" class=\"slider-253 slide-255\" title=\"\u00a9Achim-Kaeflein-7040-scaled-760x464\" \/><\/li>\n            <li style='display: none;'><img src=\"https:\/\/www.gedenkstaetten-suedlicher-oberrhein.de\/fr\/wp-content\/uploads\/sites\/3\/2025\/08\/\u00a9Achim-Kaeflein-7335-scaled-760x464-1.jpg\" height=\"464\" width=\"760\" alt=\"Le centre de documentation | Photo: Achim Kaeflein\" class=\"slider-253 slide-257\" title=\"\u00a9Achim-Kaeflein-7335-scaled-760x464\" \/><\/li>\n        <\/ul>\n        \n    <\/div>\n<\/div>\n<h4><\/h4>\n<h4>Dokumentationszentrum Nationalsozialismus Freiburg &#8211; Centre de documentation sur le national-socialisme de Fribourg<\/h4>\n<p>Depuis 2025, le centre de documentation sur le national-socialisme \u00e0 Fribourg, situ\u00e9 dans l&#8217;ancien office du tourisme de 1936, est consacr\u00e9 \u00e0 l&#8217;histoire nazie de la ville sur trois \u00e9tages. Outre l&#8217;exposition permanente et un espace d\u00e9di\u00e9 aux expositions temporaires, ce b\u00e2timent historique abrite des salles de s\u00e9minaire et des bureaux, ainsi qu&#8217;une partie de la biblioth\u00e8que Gertrud Luckner. Dans l&#8217;exposition permanente, des objets et des biographies donnent un aper\u00e7u de la p\u00e9riode du national-socialisme, de la pers\u00e9cution et de la r\u00e9sistance \u00e0 Fribourg. La salle comm\u00e9morative dans la cour int\u00e9rieure rend hommage aux personnes qui ont \u00e9t\u00e9 pers\u00e9cut\u00e9es et assassin\u00e9es \u00e0 Fribourg et dans la r\u00e9gion. Le travail de m\u00e9moire sur le national-socialisme n&#8217;est pas termin\u00e9, les futurs projets d&#8217;exposition et \u00e9v\u00e9nements du DZNS y accorderont une attention particuli\u00e8re.<\/p>\n<h4>Serious Game &#8222;FreiBuddy<\/h4>\n<p>Les utilisateurs de l&#8217;application peuvent suivre une visite interactive en r\u00e9alit\u00e9 augment\u00e9e \u00e0 travers Fribourg \u00e0 l&#8217;aide de leurs appareils mobiles. Trois itin\u00e9raires et des rencontres avec des personnages fictifs et r\u00e9els offrent un aper\u00e7u vari\u00e9 de l&#8217;histoire et du pr\u00e9sent de la vie juive \u00e0 Fribourg. \u00ab FreiBuddy \u00bb invite ainsi \u00e0 r\u00e9fl\u00e9chir sur la cohabitation au sein de la soci\u00e9t\u00e9 urbaine. L&#8217;application est le r\u00e9sultat d&#8217;un projet participatif du DZNS, soutenu par la fondation \u00ab M\u00e9moire, responsabilit\u00e9 et avenir \u00bb (EVZ). L&#8217;application a \u00e9t\u00e9 d\u00e9velopp\u00e9e en collaboration avec ZAUBAR.<br \/>\n\u00ab FreiBuddy \u00bb s&#8217;adresse aux groupes, aux jeunes et aux classes scolaires, ainsi qu&#8217;\u00e0 toutes les personnes \u00e2g\u00e9es de 14 ans et plus qui s&#8217;int\u00e9ressent \u00e0 la vie juive \u00e0 Fribourg et \u00e0 la \u00ab r\u00e9alit\u00e9 augment\u00e9e \u00bb. L&#8217;application est accessible aux personnes \u00e0 mobilit\u00e9 r\u00e9duite et disponible en allemand et en anglais. Elle peut \u00eatre t\u00e9l\u00e9charg\u00e9e gratuitement dans les boutiques en ligne habituelles. Pour utiliser l&#8217;application, il faut disposer d&#8217;un code d&#8217;acc\u00e8s que les personnes int\u00e9ress\u00e9es peuvent demander par e-mail \u00e0 l&#8217;adresse dzns@freiburg.de.<\/p>\n","protected":false},"excerpt":{"rendered":"<p>Dokumentationszentrum Nationalsozialismus Freiburg &#8211; Centre de documentation sur le national-socialisme de Fribourg Depuis 2025, le centre de documentation sur le national-socialisme \u00e0 Fribourg, situ\u00e9 dans l&#8217;ancien office du tourisme de (&hellip;) <a href=\"http:\/\/www.gedenkstaetten-suedlicher-oberrhein.de\/fr\/lieux-commemoratifs\/fribourg\/\">Weiterlesen<\/a><\/p>\n","protected":false},"author":1,"featured_media":0,"parent":3,"menu_order":6,"comment_status":"closed","ping_status":"closed","template":"","meta":{"ngg_post_thumbnail":0},"_links":{"self":[{"href":"http:\/\/www.gedenkstaetten-suedlicher-oberrhein.de\/fr\/wp-json\/wp\/v2\/pages\/244"}],"collection":[{"href":"http:\/\/www.gedenkstaetten-suedlicher-oberrhein.de\/fr\/wp-json\/wp\/v2\/pages"}],"about":[{"href":"http:\/\/www.gedenkstaetten-suedlicher-oberrhein.de\/fr\/wp-json\/wp\/v2\/types\/page"}],"author":[{"embeddable":true,"href":"http:\/\/www.gedenkstaetten-suedlicher-oberrhein.de\/fr\/wp-json\/wp\/v2\/users\/1"}],"replies":[{"embeddable":true,"href":"http:\/\/www.gedenkstaetten-suedlicher-oberrhein.de\/fr\/wp-json\/wp\/v2\/comments?post=244"}],"version-history":[{"count":4,"href":"http:\/\/www.gedenkstaetten-suedlicher-oberrhein.de\/fr\/wp-json\/wp\/v2\/pages\/244\/revisions"}],"predecessor-version":[{"id":259,"href":"http:\/\/www.gedenkstaetten-suedlicher-oberrhein.de\/fr\/wp-json\/wp\/v2\/pages\/244\/revisions\/259"}],"up":[{"embeddable":true,"href":"http:\/\/www.gedenkstaetten-suedlicher-oberrhein.de\/fr\/wp-json\/wp\/v2\/pages\/3"}],"wp:attachment":[{"href":"http:\/\/www.gedenkstaetten-suedlicher-oberrhein.de\/fr\/wp-json\/wp\/v2\/media?parent=244"}],"curies":[{"name":"wp","href":"https:\/\/api.w.org\/{rel}","templated":true}]}}