{"id":20,"date":"2014-03-14T19:26:57","date_gmt":"2014-03-14T17:26:57","guid":{"rendered":"http:\/\/www.gedenkstaetten-suedlicher-oberrhein.de\/fr\/?page_id=20"},"modified":"2015-12-26T20:03:06","modified_gmt":"2015-12-26T18:03:06","slug":"sulzburg","status":"publish","type":"page","link":"http:\/\/www.gedenkstaetten-suedlicher-oberrhein.de\/fr\/lieux-commemoratifs\/sulzburg\/","title":{"rendered":"Sulzburg"},"content":{"rendered":"<p><div id=\"metaslider-id-147\" style=\"max-width: 760px;\" class=\"ml-slider-3-20-3 metaslider metaslider-responsive metaslider-147 ml-slider\">\n    <div id=\"metaslider_container_147\">\n        <ul id='metaslider_147' class='rslides'>\n            <li><img src=\"https:\/\/www.gedenkstaetten-suedlicher-oberrhein.de\/fr\/wp-content\/uploads\/sites\/3\/2015\/09\/su02.jpg\" height=\"464\" width=\"760\" alt=\"\" class=\"slider-147 slide-149\" \/><div class=\"caption-wrap\"><div class=\"caption\">L\u2019int\u00e9rieur de l\u2019ancienne synagogue<\/div><\/div><\/li>\n            <li style='display: none;'><img src=\"https:\/\/www.gedenkstaetten-suedlicher-oberrhein.de\/fr\/wp-content\/uploads\/sites\/3\/2015\/09\/su03.jpg\" height=\"464\" width=\"760\" alt=\"\" class=\"slider-147 slide-150\" \/><div class=\"caption-wrap\"><div class=\"caption\">Le firmament d\u00e9core le plafond<\/div><\/div><\/li>\n            <li style='display: none;'><img src=\"https:\/\/www.gedenkstaetten-suedlicher-oberrhein.de\/fr\/wp-content\/uploads\/sites\/3\/2015\/09\/su01.jpg\" height=\"464\" width=\"760\" alt=\"\" class=\"slider-147 slide-148\" \/><div class=\"caption-wrap\"><div class=\"caption\">L\u2019\u00e9toile de David \u00e0 la fen\u00eatre<\/div><\/div><\/li>\n        <\/ul>\n        \n    <\/div>\n<\/div><br \/>\n<div class=\"white-box\">\n<div class=\"kontakt\"><span style=\"font-weight: 600;\">Site officiel: <\/span><a href=\"http:\/\/www.sulzburg.de\/tourismus_freizeit\/sehen_erleben\/ehemalige_synagoge\" target=\"_blank\"> &gt;&gt; Ehemalige Synagoge<\/a><br \/>\n<span style=\"font-weight: 600;\">Adresse: <\/span>Gustav-Weil-Stra\u00dfe 20, 79295 Sulzburg<br \/>\n<span style=\"font-weight: 600;\">Information et r\u00e9servations: <\/span>Tel. 07634 560040, Fax 07634 560050<br \/>\n<span style=\"font-weight: 600;\">Ouvertures d&#8217;horaires: <\/span>Le premier et le dernier dimanche du mois de 16h \u00e0 18h, Entr\u00e9e libre<br \/>\n<span style=\"font-weight: 600;\">Direction du lieu de m\u00e9moire: <\/span>Association \u00abFreundeskreis Ehemalige Synagoge e.V.\u00bb, La ville de Sulzburg<\/div>\n<\/div><\/p>\n<h4>La synagogue de Sulzburg<\/h4>\n<p>Apr\u00e8s celles de Karlsruhe et Ran\u00acdegg, la synagogue de Sulzburg fut la troisi\u00e8me construite par la communaut\u00e9 juive dans l\u2019ancien grand-duch\u00e9 de Bade. Construite en 1822, elle est aujourd\u2019hui la seule synagogue non d\u00e9truite de l\u2019\u00e9cole d\u2019architecture de Fried\u00acrich Wein\u00acbren\u00acner dans le style baroque tardif \u2013 classique du Bade-Wurtemberg. Personnalit\u00e9 originaire de Sulzburg : Gus\u00actav Weil (1808\u20131889), professeur de langues orientales et traducteur des Mille et Une Nuits, qui fut le premier professeur juif de l\u2019Universit\u00e9 de Heidelberg. \u00ab D\u00e9juda\u00efs\u00e9 \u00bb en 1939, le b\u00e2timent sert de menuiserie, d\u2019entrep\u00f4t, de fourri\u00e8re, jusqu\u2019\u00e0 ce que l\u2019office de conservation des monuments historiques, apr\u00e8s la d\u00e9molition des synagogues de Rust (1962) et M\u00fcll\u00acheim (1968), s\u2019int\u00e9resse au b\u00e2timent et \u00e0 son histoire. Il est rachet\u00e9 par la ville au milieu des ann\u00e9es 1970 ; class\u00e9 monument historique, le lieu de m\u00e9moire est restaur\u00e9. <a name=\"angebot-su\"><\/a><\/p>\n<h4>Programme p\u00e9dagogique<\/h4>\n<p>Visites guid\u00e9es sur rendez-vous, programme p\u00e9dagogique li\u00e9 au lieu de m\u00e9moire.<br \/>\n<div class=\"white-box\">\nLieux \u00e0 visiter dans les environs<\/p>\n<ul style=\"font-size: 0.9rem; margin-left: 15px; line-height: 1.55; list-style-type: square;\">\n<li>Quartier juif<\/li>\n<li>Cimeti\u00e8re juif<\/li>\n<li>Eglise ottonienne St. Cyriak<\/li>\n<li>Mus\u00e9e de la mine<\/li>\n<\/ul>\n<\/div><a name=\"publikationen-su\"><\/a><\/p>\n<h4>Publications<\/h4>\n<p><strong>Der j\u00fcdische Friedhof in Sulzburg<\/strong> Verlag Braun, 2. Auflage 1995<br \/>\n<strong>Dichter des deutschen Landjudentums<\/strong> Jacob Picard, Ausstellungskatalog 1992<br \/>\n<strong>\u201eIch bin doch geborener Sulzburger und Deutscher\u201c<\/strong> Zur Geschichte der israelitischen Gemeinde Sulzburg, Freiburg 1994<br \/>\n<strong>Die Stimme Der W\u00f6rter Der Bilder<\/strong> Arbeiten von Gerta Haller, 1996<br \/>\n<strong>Das Sulzburger Feld<\/strong> Arbeiten von Christian Lapie, 2000\/2001<br \/>\n<strong>Gestalt und Ged\u00e4chtnis<\/strong> Skulpturen von Franz Gutmann, 2002<br \/>\n<strong>Materialien zur Geschichte der Juden in Sulzburg,<\/strong> 2005, 2. Auflage 2006<br \/>\n<strong>Bert J\u00e4ger<\/strong> Ausstellungskatalog 2009<br \/>\n<strong>Zeitspur<\/strong> Ausstellungskatalog 2010<\/p>\n","protected":false},"excerpt":{"rendered":"<p>La synagogue de Sulzburg Apr\u00e8s celles de Karlsruhe et Ran\u00acdegg, la synagogue de Sulzburg fut la troisi\u00e8me construite par la communaut\u00e9 juive dans l\u2019ancien grand-duch\u00e9 de Bade. Construite en 1822, (&hellip;) <a href=\"http:\/\/www.gedenkstaetten-suedlicher-oberrhein.de\/fr\/lieux-commemoratifs\/sulzburg\/\">Weiterlesen<\/a><\/p>\n","protected":false},"author":1,"featured_media":0,"parent":3,"menu_order":11,"comment_status":"closed","ping_status":"closed","template":"","meta":{"ngg_post_thumbnail":0},"_links":{"self":[{"href":"http:\/\/www.gedenkstaetten-suedlicher-oberrhein.de\/fr\/wp-json\/wp\/v2\/pages\/20"}],"collection":[{"href":"http:\/\/www.gedenkstaetten-suedlicher-oberrhein.de\/fr\/wp-json\/wp\/v2\/pages"}],"about":[{"href":"http:\/\/www.gedenkstaetten-suedlicher-oberrhein.de\/fr\/wp-json\/wp\/v2\/types\/page"}],"author":[{"embeddable":true,"href":"http:\/\/www.gedenkstaetten-suedlicher-oberrhein.de\/fr\/wp-json\/wp\/v2\/users\/1"}],"replies":[{"embeddable":true,"href":"http:\/\/www.gedenkstaetten-suedlicher-oberrhein.de\/fr\/wp-json\/wp\/v2\/comments?post=20"}],"version-history":[{"count":5,"href":"http:\/\/www.gedenkstaetten-suedlicher-oberrhein.de\/fr\/wp-json\/wp\/v2\/pages\/20\/revisions"}],"predecessor-version":[{"id":184,"href":"http:\/\/www.gedenkstaetten-suedlicher-oberrhein.de\/fr\/wp-json\/wp\/v2\/pages\/20\/revisions\/184"}],"up":[{"embeddable":true,"href":"http:\/\/www.gedenkstaetten-suedlicher-oberrhein.de\/fr\/wp-json\/wp\/v2\/pages\/3"}],"wp:attachment":[{"href":"http:\/\/www.gedenkstaetten-suedlicher-oberrhein.de\/fr\/wp-json\/wp\/v2\/media?parent=20"}],"curies":[{"name":"wp","href":"https:\/\/api.w.org\/{rel}","templated":true}]}}