{"id":126,"date":"2015-09-09T15:23:56","date_gmt":"2015-09-09T13:23:56","guid":{"rendered":"http:\/\/www.gedenkstaetten-suedlicher-oberrhein.de\/fr\/?page_id=126"},"modified":"2018-03-04T16:32:11","modified_gmt":"2018-03-04T14:32:11","slug":"geschichte-gan-meiner-heimat","status":"publish","type":"page","link":"http:\/\/www.gedenkstaetten-suedlicher-oberrhein.de\/fr\/geschichte-gan-meiner-heimat\/","title":{"rendered":"L\u2019Histoire vue de pr\u00e8s \u2013 les lieux de m\u00e9moire de ma r\u00e9gion"},"content":{"rendered":"<p><iframe loading=\"lazy\" src=\"http:\/\/player.vimeo.com\/video\/105791240\" width=\"550\" height=\"453\" frameborder=\"0\"><\/iframe><\/p>\n<blockquote><p>La version courte du film peut \u00eatre visionn\u00e9e ici (en allemand). La version longue du documentaire (30 min) peut \u00eatre command\u00e9e directement aupr\u00e8s de la r\u00e9alisatrice: <strong>daniela.schaffart(at)posteo.de<\/strong>.<\/p><\/blockquote>\n<p>Dans son film \u00ab Geschichte ganz nah \u2014 Eine Reise zu den Gedenkst\u00e4tten in meiner Heimat \u00bb, Daniela Schaffart nous livre son approche tr\u00e8s personnelle de l\u2019histoire du juda\u00efsme et du nazisme dans le sud du pays de Bade. Elle va visiter les lieux de m\u00e9moire de cette r\u00e9gion et rencontre des personnes tr\u00e8s engag\u00e9es, des artistes, des jeunes, des groupes scolaires, de t\u00e9moins de l\u2019\u00e9poque. Diff\u00e9rentes questions l\u2019animent: pourquoi s\u2019int\u00e9resse-t-on toujours \u00e0 ce th\u00e8me aujourd\u2019hui ? Que s\u2019est-il pass\u00e9 \u00e0 l\u2019\u00e9poque dans ces lieux ? Comment ces lieux de m\u00e9moire g\u00e8rent-ils leur h\u00e9ritage historique ? Quel programme est propos\u00e9 aux jeunes ? Son voyage l\u2019emm\u00e8ne notamment au m\u00e9morial du Vulkan \u00e0 Haslach, au lieu de m\u00e9moire et de culture du Salmen \u00e0 Offenbourg, \u00e0 l\u2019ancienne synagogue de Kippenheim, au mus\u00e9e juif d\u2019Emmendingen, \u00e0 la Maison bleue de Breisach et \u00e0 l\u2019ancienne synagogue de Sulzburg.<\/p>\n<p>Ce film a b\u00e9n\u00e9fici\u00e9 du soutien du d\u00e9partement \u00ab Lieux de m\u00e9moire \u00bb du <a href=\"http:\/\/www.gedenkstaetten-bw.de\/\" target=\"_blank\" rel=\"noopener\">Centre de formation politique du Bade-Wurtemberg<\/a>.<\/p>\n","protected":false},"excerpt":{"rendered":"<p>La version courte du film peut \u00eatre visionn\u00e9e ici (en allemand). La version longue du documentaire (30 min) peut \u00eatre command\u00e9e directement aupr\u00e8s de la r\u00e9alisatrice: daniela.schaffart(at)posteo.de. Dans son film (&hellip;) <a href=\"http:\/\/www.gedenkstaetten-suedlicher-oberrhein.de\/fr\/geschichte-gan-meiner-heimat\/\">Weiterlesen<\/a><\/p>\n","protected":false},"author":1,"featured_media":0,"parent":0,"menu_order":0,"comment_status":"closed","ping_status":"closed","template":"","meta":{"ngg_post_thumbnail":0},"_links":{"self":[{"href":"http:\/\/www.gedenkstaetten-suedlicher-oberrhein.de\/fr\/wp-json\/wp\/v2\/pages\/126"}],"collection":[{"href":"http:\/\/www.gedenkstaetten-suedlicher-oberrhein.de\/fr\/wp-json\/wp\/v2\/pages"}],"about":[{"href":"http:\/\/www.gedenkstaetten-suedlicher-oberrhein.de\/fr\/wp-json\/wp\/v2\/types\/page"}],"author":[{"embeddable":true,"href":"http:\/\/www.gedenkstaetten-suedlicher-oberrhein.de\/fr\/wp-json\/wp\/v2\/users\/1"}],"replies":[{"embeddable":true,"href":"http:\/\/www.gedenkstaetten-suedlicher-oberrhein.de\/fr\/wp-json\/wp\/v2\/comments?post=126"}],"version-history":[{"count":5,"href":"http:\/\/www.gedenkstaetten-suedlicher-oberrhein.de\/fr\/wp-json\/wp\/v2\/pages\/126\/revisions"}],"predecessor-version":[{"id":209,"href":"http:\/\/www.gedenkstaetten-suedlicher-oberrhein.de\/fr\/wp-json\/wp\/v2\/pages\/126\/revisions\/209"}],"wp:attachment":[{"href":"http:\/\/www.gedenkstaetten-suedlicher-oberrhein.de\/fr\/wp-json\/wp\/v2\/media?parent=126"}],"curies":[{"name":"wp","href":"https:\/\/api.w.org\/{rel}","templated":true}]}}