{"id":9,"date":"2014-02-25T21:01:17","date_gmt":"2014-02-25T19:01:17","guid":{"rendered":"http:\/\/www.gedenkstaetten-suedlicher-oberrhein.de\/en\/?page_id=9"},"modified":"2021-05-19T15:39:19","modified_gmt":"2021-05-19T13:39:19","slug":"breisach-am-rhein","status":"publish","type":"page","link":"http:\/\/www.gedenkstaetten-suedlicher-oberrhein.de\/en\/gedenkstaetten\/breisach-am-rhein\/","title":{"rendered":"Breisach am Rhein"},"content":{"rendered":"<div id=\"metaslider-id-148\" style=\"max-width: 760px;\" class=\"ml-slider-3-20-3 metaslider metaslider-responsive metaslider-148 ml-slider\">\n    <div id=\"metaslider_container_148\">\n        <ul id='metaslider_148' class='rslides'>\n            <li><img src=\"https:\/\/www.gedenkstaetten-suedlicher-oberrhein.de\/en\/wp-content\/uploads\/sites\/2\/2015\/12\/Blaues_Haus_Ari_Nahor-760x464.jpg\" height=\"464\" width=\"760\" alt=\"\" class=\"slider-148 slide-149\" \/><div class=\"caption-wrap\"><div class=\"caption\">The Blue House today<\/div><\/div><\/li>\n        <\/ul>\n        \n    <\/div>\n<\/div>\n<p>&nbsp;<\/p>\n<div class=\"white-box\">\n<div class=\"kontakt\"><span style=\"font-weight: 600;\">Official website: <\/span><a href=\"http:\/\/www.juedisches-leben-in-breisach.de\/\" target=\"_blank\" rel=\"noopener noreferrer\">&gt;&gt; J\u00fcdisches Leben in Breisach<\/a><br \/>\n<span style=\"font-weight: 600;\">Address: <\/span>Rheintorstra\u00dfe 3 (formerly&nbsp;Judengasse), 79206 Breisach, info(at)juedisches-leben-in-breisach.de<br \/>\n<span style=\"font-weight: 600;\">Information and booking: <\/span>Dr. Christiane Walesch-Schneller, Tel. 07667 80834 et 911374<br \/>\nor Municipal Archivist Uwe Fahrer, Tel. 07667 83265<br \/>\n<span style=\"font-weight: 600;\">General opening hours of the library: <\/span>Wednesdays 2 pm\u20135 pm and by arrangement<br \/>\n<span style=\"font-weight: 600;\">Sponsors of the Facility: <\/span>F\u00f6rderverein Ehemaliges J\u00fcdisches Gemeindehaus Breisach e.V.<\/div>\n<\/div>\n<h4>The Blue House<\/h4>\n<p>The over 300-year old Jewish school was acquired in 2000 from the former sponsoring foundation \u2018Ehemaliges J\u00fcdisches Gemeindehaus Breisach e.V.\u2019(former Jewish community centre). The third Jewish community (1640-1940) had bought the pub in 1829 to establish a school which existed until 1879. After the destruction of the synagogue in November 1938, the persecuted community established a prayer hall here. Upon completion of the restauration work the names of its members in 1933 were recorded in the \u201cCorridor of Commemoration\u201d. The documentation of their fates is being worked on together with the Jewish families throughout the world, this is \u201ctheir return from exile\u201d. The Blue House, the library of which comprises over 3000 books, is an education and commemoration site for the Upper Rhine history of the Jews. \u201cLes Amis du Judengarten de Mackenheim\u201d and the sponsoring foundation jointly take care of and maintain the oldest cemetery of the Breisach Jews in the forest of Mackenheim\/Alsace.<br \/>\n<a name=\"angebot-br\"><\/a><\/p>\n<h4>Educational Programme<\/h4>\n<p>Guided tours are possible by arrangement.<br \/>\n<div class=\"white-box\">\nPlaces to visit in the vicinity<\/p>\n<ul style=\"font-size: 0.9rem; margin-left: 15px; line-height: 1.55; list-style-type: square;\">\n<li>Jewish cemetery Mackenheim\/Alsace<\/li>\n<li>Former Jewish quarter<\/li>\n<li>Old and new Synagogue Square<\/li>\n<\/ul>\n<\/div><a name=\"publikationen-br\"><\/a><\/p>\n<h4>Publications<\/h4>\n<p><strong>Hans David Blum:<\/strong> Juden in Breisach. (Hrsg.) Erhard Roy Wiehn. Konstanz 1998<br \/>\n<strong>G\u00fcnter Boll, Josef Arie Kornweitz:<\/strong> Das j\u00fcdische Gemeindehaus in Breisach am Rhein. Eine Ann\u00e4herung. (Hrsg.): F\u00f6rderverein Ehemaliges J\u00fcdisches Gemeindehaus, Breisach 2000<br \/>\n<strong>Josef Arie Kornweitz, Christiane Walesch-Schneller, G\u00fcnter Boll:<\/strong> Zone 30, R\u00fcckkehr aus dem Exil, (Hrsg.): F\u00f6rderverein Ehemaliges J\u00fcdisches Gemeindehaus, Freiburg 2003<br \/>\n<strong>N\u00e4her als es scheint.<\/strong> T\u00e4nze f\u00fcr das Blaue Haus. Fotografien von Ari Nahor. (Hrsg.): F\u00f6rderverein Ehemaliges J\u00fcdisches Gemeindehaus, Freiburg 2006<br \/>\n<strong>Blaue Hefte 1, Die Synagoge brennt.<\/strong> (Hrsg.): F\u00f6rderverein Ehemaliges J\u00fcdisches Gemeindehaus, Freiburg 2010<\/p>\n","protected":false},"excerpt":{"rendered":"<p>&nbsp; The Blue House The over 300-year old Jewish school was acquired in 2000 from the former sponsoring foundation \u2018Ehemaliges J\u00fcdisches Gemeindehaus Breisach e.V.\u2019(former Jewish community centre). The third Jewish (&hellip;) <a href=\"http:\/\/www.gedenkstaetten-suedlicher-oberrhein.de\/en\/gedenkstaetten\/breisach-am-rhein\/\">Weiterlesen<\/a><\/p>\n","protected":false},"author":1,"featured_media":0,"parent":5,"menu_order":0,"comment_status":"closed","ping_status":"closed","template":"","meta":{"ngg_post_thumbnail":0},"_links":{"self":[{"href":"http:\/\/www.gedenkstaetten-suedlicher-oberrhein.de\/en\/wp-json\/wp\/v2\/pages\/9"}],"collection":[{"href":"http:\/\/www.gedenkstaetten-suedlicher-oberrhein.de\/en\/wp-json\/wp\/v2\/pages"}],"about":[{"href":"http:\/\/www.gedenkstaetten-suedlicher-oberrhein.de\/en\/wp-json\/wp\/v2\/types\/page"}],"author":[{"embeddable":true,"href":"http:\/\/www.gedenkstaetten-suedlicher-oberrhein.de\/en\/wp-json\/wp\/v2\/users\/1"}],"replies":[{"embeddable":true,"href":"http:\/\/www.gedenkstaetten-suedlicher-oberrhein.de\/en\/wp-json\/wp\/v2\/comments?post=9"}],"version-history":[{"count":8,"href":"http:\/\/www.gedenkstaetten-suedlicher-oberrhein.de\/en\/wp-json\/wp\/v2\/pages\/9\/revisions"}],"predecessor-version":[{"id":215,"href":"http:\/\/www.gedenkstaetten-suedlicher-oberrhein.de\/en\/wp-json\/wp\/v2\/pages\/9\/revisions\/215"}],"up":[{"embeddable":true,"href":"http:\/\/www.gedenkstaetten-suedlicher-oberrhein.de\/en\/wp-json\/wp\/v2\/pages\/5"}],"wp:attachment":[{"href":"http:\/\/www.gedenkstaetten-suedlicher-oberrhein.de\/en\/wp-json\/wp\/v2\/media?parent=9"}],"curies":[{"name":"wp","href":"https:\/\/api.w.org\/{rel}","templated":true}]}}